{"id":3235,"date":"2021-12-15T18:58:40","date_gmt":"2021-12-15T17:58:40","guid":{"rendered":"https:\/\/promedics.ch\/actualites-et-evenements\/"},"modified":"2024-02-27T10:21:04","modified_gmt":"2024-02-27T09:21:04","slug":"actualites-et-evenements","status":"publish","type":"page","link":"https:\/\/promedics.ch\/fr\/actualites-et-evenements\/","title":{"rendered":"Actualit\u00e9s et \u00e9v\u00e9nements"},"content":{"rendered":"\t\t<div data-elementor-type=\"wp-page\" data-elementor-id=\"3235\" class=\"elementor elementor-3235 elementor-1335\" data-elementor-post-type=\"page\">\n\t\t\t\t\t\t<section class=\"elementor-section elementor-top-section elementor-element elementor-element-219bb11 elementor-section-boxed elementor-section-height-default elementor-section-height-default\" data-id=\"219bb11\" data-element_type=\"section\">\n\t\t\t\t\t\t<div class=\"elementor-container elementor-column-gap-default\">\n\t\t\t\t\t<div class=\"elementor-column elementor-col-100 elementor-top-column elementor-element elementor-element-2895946\" data-id=\"2895946\" data-element_type=\"column\">\n\t\t\t<div class=\"elementor-widget-wrap elementor-element-populated\">\n\t\t\t\t\t\t<div class=\"elementor-element elementor-element-581dfeb elementor-widget elementor-widget-heading\" data-id=\"581dfeb\" data-element_type=\"widget\" data-widget_type=\"heading.default\">\n\t\t\t\t<div class=\"elementor-widget-container\">\n\t\t\t\t\t<h2 class=\"elementor-heading-title elementor-size-default\">Nouvelles de l'entreprise<\/h2>\t\t\t\t<\/div>\n\t\t\t\t<\/div>\n\t\t\t\t<div class=\"elementor-element elementor-element-5be60b2 elementor-widget elementor-widget-heading\" data-id=\"5be60b2\" data-element_type=\"widget\" data-widget_type=\"heading.default\">\n\t\t\t\t<div class=\"elementor-widget-container\">\n\t\t\t\t\t<h2 class=\"elementor-heading-title elementor-size-default\">Congr\u00e8s<\/h2>\t\t\t\t<\/div>\n\t\t\t\t<\/div>\n\t\t\t\t<div class=\"elementor-element elementor-element-413ad82 elementor-widget elementor-widget-heading\" data-id=\"413ad82\" data-element_type=\"widget\" data-widget_type=\"heading.default\">\n\t\t\t\t<div class=\"elementor-widget-container\">\n\t\t\t\t\t<h2 class=\"elementor-heading-title elementor-size-default\">Ateliers<\/h2>\t\t\t\t<\/div>\n\t\t\t\t<\/div>\n\t\t\t\t<div class=\"elementor-element elementor-element-e9a1d2e elementor-widget elementor-widget-heading\" data-id=\"e9a1d2e\" data-element_type=\"widget\" data-widget_type=\"heading.default\">\n\t\t\t\t<div class=\"elementor-widget-container\">\n\t\t\t\t\t<h2 class=\"elementor-heading-title elementor-size-default\">Archives<\/h2>\t\t\t\t<\/div>\n\t\t\t\t<\/div>\n\t\t\t\t<div class=\"elementor-element elementor-element-b6ca04e elementor-widget elementor-widget-text-editor\" data-id=\"b6ca04e\" data-element_type=\"widget\" data-widget_type=\"text-editor.default\">\n\t\t\t\t<div class=\"elementor-widget-container\">\n\t\t\t\t\t\t\t\t\t<p><a href=\"https:\/\/promedics.ch\/fr\/category\/archives-nouvelles\/\">Archives des nouvelles<\/a><\/p>\n<p><a href=\"https:\/\/promedics.ch\/fr\/category\/archives-des-congres\/\">Archives des congr\u00e8s<\/a><\/p>\n<p><a href=\"https:\/\/promedics.ch\/fr\/category\/archives-des-ateliers\/\">Archives des ateliers<\/a><\/p>\n\t\t\t\t\t\t\t\t<\/div>\n\t\t\t\t<\/div>\n\t\t\t\t\t<\/div>\n\t\t<\/div>\n\t\t\t\t\t<\/div>\n\t\t<\/section>\n\t\t\t\t<\/div>\n\t\t","protected":false},"excerpt":{"rendered":"<p>Nouvelles de l&rsquo;entreprise Congr\u00e8s Ateliers Archives Archives des nouvelles Archives des congr\u00e8s Archives des ateliers<\/p>\n","protected":false},"author":1,"featured_media":4865,"parent":0,"menu_order":2,"comment_status":"closed","ping_status":"closed","template":"","meta":{"_acf_changed":false,"footnotes":""},"seitenkategorie":[],"darstellungsoptionen":[],"class_list":["post-3235","page","type-page","status-publish","has-post-thumbnail","hentry"],"acf":[],"_links":{"self":[{"href":"https:\/\/promedics.ch\/fr\/wp-json\/wp\/v2\/pages\/3235","targetHints":{"allow":["GET"]}}],"collection":[{"href":"https:\/\/promedics.ch\/fr\/wp-json\/wp\/v2\/pages"}],"about":[{"href":"https:\/\/promedics.ch\/fr\/wp-json\/wp\/v2\/types\/page"}],"author":[{"embeddable":true,"href":"https:\/\/promedics.ch\/fr\/wp-json\/wp\/v2\/users\/1"}],"replies":[{"embeddable":true,"href":"https:\/\/promedics.ch\/fr\/wp-json\/wp\/v2\/comments?post=3235"}],"version-history":[{"count":10,"href":"https:\/\/promedics.ch\/fr\/wp-json\/wp\/v2\/pages\/3235\/revisions"}],"predecessor-version":[{"id":4197,"href":"https:\/\/promedics.ch\/fr\/wp-json\/wp\/v2\/pages\/3235\/revisions\/4197"}],"wp:featuredmedia":[{"embeddable":true,"href":"https:\/\/promedics.ch\/fr\/wp-json\/wp\/v2\/media\/4865"}],"wp:attachment":[{"href":"https:\/\/promedics.ch\/fr\/wp-json\/wp\/v2\/media?parent=3235"}],"wp:term":[{"taxonomy":"seitenkategorie","embeddable":true,"href":"https:\/\/promedics.ch\/fr\/wp-json\/wp\/v2\/seitenkategorie?post=3235"},{"taxonomy":"darstellungsoptionen","embeddable":true,"href":"https:\/\/promedics.ch\/fr\/wp-json\/wp\/v2\/darstellungsoptionen?post=3235"}],"curies":[{"name":"wp","href":"https:\/\/api.w.org\/{rel}","templated":true}]}}