{"id":3220,"date":"2022-02-02T11:28:04","date_gmt":"2022-02-02T10:28:04","guid":{"rendered":"https:\/\/promedics.ch\/emploi\/"},"modified":"2025-04-29T14:42:37","modified_gmt":"2025-04-29T12:42:37","slug":"emploi","status":"publish","type":"page","link":"https:\/\/promedics.ch\/fr\/emploi\/","title":{"rendered":"Emploi"},"content":{"rendered":"<h2>Actuellement, nous n&rsquo;avons pas de postes \u00e0 pourvoir.<\/h2>\n<p>Nous sommes toujours int\u00e9ress\u00e9s \u00e0 entrer en contact avec des candidats motiv\u00e9s et talentueux. N&rsquo;h\u00e9sitez pas \u00e0 nous envoyer des candidatures spontan\u00e9es \u00e0 <a href=\"mailto:in**@*******cs.ch\" data-original-string=\"I4cUMp1r1pg2+9b4KU3EGQ==d7dr0MwONGsQzbhGzwKDU4qg2EyItbxq1gp1xmt5OV4NBI=\" title=\"This contact has been encoded by Anti-Spam by CleanTalk. Click to decode. To finish the decoding make sure that JavaScript is enabled in your browser.\"><span \n                data-original-string='KCS\/Wln7qpfs8D4RrEpVQQ==d7dntNPaifi034CkwgD1eS8HgKMnjPPPQz+MGC7SAsvRmw='\n                class='apbct-email-encoder'\n                title='This contact has been encoded by Anti-Spam by CleanTalk. Click to decode. To finish the decoding make sure that JavaScript is enabled in your browser.'>in<span class=\"apbct-blur\">**<\/span>@<span class=\"apbct-blur\">*******<\/span>cs.ch<\/span><\/a>.<\/p>\n","protected":false},"excerpt":{"rendered":"<p>Actuellement, nous n&rsquo;avons pas de postes \u00e0 pourvoir. Nous sommes toujours int\u00e9ress\u00e9s \u00e0 entrer en contact avec des candidats motiv\u00e9s et talentueux. N&rsquo;h\u00e9sitez pas \u00e0 nous envoyer des candidatures spontan\u00e9es \u00e0 in**@*******cs.ch.<\/p>\n","protected":false},"author":1,"featured_media":4865,"parent":0,"menu_order":0,"comment_status":"closed","ping_status":"closed","template":"","meta":{"_acf_changed":false,"footnotes":""},"seitenkategorie":[],"darstellungsoptionen":[],"class_list":["post-3220","page","type-page","status-publish","has-post-thumbnail","hentry"],"acf":[],"_links":{"self":[{"href":"https:\/\/promedics.ch\/fr\/wp-json\/wp\/v2\/pages\/3220","targetHints":{"allow":["GET"]}}],"collection":[{"href":"https:\/\/promedics.ch\/fr\/wp-json\/wp\/v2\/pages"}],"about":[{"href":"https:\/\/promedics.ch\/fr\/wp-json\/wp\/v2\/types\/page"}],"author":[{"embeddable":true,"href":"https:\/\/promedics.ch\/fr\/wp-json\/wp\/v2\/users\/1"}],"replies":[{"embeddable":true,"href":"https:\/\/promedics.ch\/fr\/wp-json\/wp\/v2\/comments?post=3220"}],"version-history":[{"count":3,"href":"https:\/\/promedics.ch\/fr\/wp-json\/wp\/v2\/pages\/3220\/revisions"}],"predecessor-version":[{"id":4266,"href":"https:\/\/promedics.ch\/fr\/wp-json\/wp\/v2\/pages\/3220\/revisions\/4266"}],"wp:featuredmedia":[{"embeddable":true,"href":"https:\/\/promedics.ch\/fr\/wp-json\/wp\/v2\/media\/4865"}],"wp:attachment":[{"href":"https:\/\/promedics.ch\/fr\/wp-json\/wp\/v2\/media?parent=3220"}],"wp:term":[{"taxonomy":"seitenkategorie","embeddable":true,"href":"https:\/\/promedics.ch\/fr\/wp-json\/wp\/v2\/seitenkategorie?post=3220"},{"taxonomy":"darstellungsoptionen","embeddable":true,"href":"https:\/\/promedics.ch\/fr\/wp-json\/wp\/v2\/darstellungsoptionen?post=3220"}],"curies":[{"name":"wp","href":"https:\/\/api.w.org\/{rel}","templated":true}]}}