{"id":3229,"date":"2021-10-19T19:18:05","date_gmt":"2021-10-19T17:18:05","guid":{"rendered":"https:\/\/promedics.ch\/privacy-policy\/"},"modified":"2025-06-04T13:49:26","modified_gmt":"2025-06-04T11:49:26","slug":"privacy-policy","status":"publish","type":"page","link":"https:\/\/promedics.ch\/en\/privacy-policy\/","title":{"rendered":"Privacy policy (German)"},"content":{"rendered":"<p>Mit dieser <strong>Datenschutzerkl\u00e4rung<\/strong> informieren wir, welche Personendaten wir im Zusammenhang mit unserer <strong>https:\/\/promedics.ch\/-Website<\/strong> und unserem sonstigen Angebot bearbeiten. Wir informieren insbesondere, welche Personendaten wir wof\u00fcr, wie und wo bearbeiten. Wir informieren mit dieser Datenschutzerkl\u00e4rung ausserdem \u00fcber die Rechte von Personen, deren Daten wir bearbeiten.<\/p>\n<p>F\u00fcr einzelne oder zus\u00e4tzliche Angebote und Leistungen k\u00f6nnen weitere Datenschutzerkl\u00e4rungen sowie sonstige rechtliche Dokumente wie Allgemeine Gesch\u00e4ftsbedingungen (AGB), Nutzungsbedingungen oder Teilnahmebedingungen gelten.<\/p>\n<h2 id=\"kontaktadressen\">1. Kontaktadressen<\/h2>\n<p>Verantwortung f\u00fcr die Bearbeitung von Personendaten:<\/p>\n<p><strong id=\"verantwortlicher\">Promedics AG<\/strong><br \/>\nPromedics AG<br \/>\nA.-F.-Molz-Gasse 2<br \/>\nCH-2502 Biel\/Bienne<\/p>\n<p><a href=\"mailto:in**@*******cs.ch\" data-original-string=\"PpAo12TjGwFtF0klSqkzRw==d7dj19vPFg7ALGeYkCENZ2Ofvy17A2ExaGaIJ661hikKGo=\" title=\"This contact has been encoded by Anti-Spam by CleanTalk. Click to decode. To finish the decoding make sure that JavaScript is enabled in your browser.\"><span \n                data-original-string='CqSlh602Em02QrKpQbSq4g==d7d1gmZdJEOBgmDBTCd6GjOHqZnbgPwi+Fs+wtEfBKVVPk='\n                class='apbct-email-encoder'\n                title='This contact has been encoded by Anti-Spam by CleanTalk. Click to decode. To finish the decoding make sure that JavaScript is enabled in your browser.'>in<span class=\"apbct-blur\">**<\/span>@<span class=\"apbct-blur\">*******<\/span>cs.ch<\/span><\/a><\/p>\n<p>Wir weisen darauf hin, wenn es im Einzelfall andere Verantwortliche f\u00fcr die Bearbeitung von Personendaten gibt.<\/p>\n<h2 id=\"bearbeitung\">2. Bearbeitung von Personendaten<\/h2>\n<h3 id=\"begriffe\">2.1 Begriffe<\/h3>\n<p><strong>Personendaten<\/strong> sind alle Angaben, die sich auf eine bestimmte oder bestimmbare Person beziehen. Eine <strong>betroffene Person<\/strong> ist eine Person, \u00fcber die Personendaten bearbeitet werden. <strong>Bearbeiten<\/strong> umfasst <em>jeden<\/em> Umgang mit Personendaten, <em>unabh\u00e4ngig<\/em> von den angewandten Mitteln und Verfahren, insbesondere das Aufbewahren, Bekanntgeben, Beschaffen, Erheben, L\u00f6schen, Speichern, Ver\u00e4ndern, Vernichten und Verwenden von Personendaten.<\/p>\n<h3 id=\"rechtsgrundlagen\">2.2 Rechtsgrundlagen<\/h3>\n<p>Wir bearbeiten Personendaten im Einklang mit dem schweizerischen Datenschutzrecht wie insbesondere dem <a id=\"57964\" href=\"https:\/\/www.fedlex.admin.ch\/eli\/cc\/1993\/1945_1945_1945\/de\" target=\"_blank\" rel=\"nofollow noopener noreferrer\">Bundesgesetz \u00fcber den Datenschutz<\/a> (DSG) und der <a href=\"https:\/\/www.fedlex.admin.ch\/eli\/cc\/1993\/1962_1962_1962\/de\" target=\"_blank\" rel=\"nofollow noopener\">Verordnung zum Bundesgesetz \u00fcber den Datenschutz<\/a> (VDSG).<\/p>\n<h3 id=\"art-umfang-zweck\">2.3 Art, Umfang und Zweck<\/h3>\n<p>Wir bearbeiten jene Personendaten, die <strong>erforderlich<\/strong> sind, um unser Angebot dauerhaft, nutzerfreundlich, sicher und zuverl\u00e4ssig bereitstellen zu k\u00f6nnen. Solche Personendaten k\u00f6nnen insbesondere in die Kategorien von Bestandes- und Kontaktdaten, Browser- und Ger\u00e4tedaten, Inhaltsdaten, Meta- beziehungsweise Randdaten und Nutzungsdaten, Standortdaten, Verkaufs-, Vertrags- und Zahlungsdaten fallen.<\/p>\n<p>Wir bearbeiten Personendaten w\u00e4hrend jener <strong>Dauer<\/strong>, die f\u00fcr den jeweiligen Zweck beziehungsweise die jeweiligen Zwecke oder gesetzlich erforderlich ist. Personendaten, deren Bearbeitung nicht mehr erforderlich ist, werden anonymisiert oder gel\u00f6scht. Personen, deren Daten wir bearbeiten, haben <em>grunds\u00e4tzlich<\/em> ein Recht auf L\u00f6schung.<\/p>\n<p>Wir bearbeiten Personendaten <em>grunds\u00e4tzlich<\/em> nur nach Einwilligung der betroffenen Person, es sei denn, die Bearbeitung ist aus anderen rechtlichen Gr\u00fcnden zul\u00e4ssig, beispielsweise zur Erf\u00fcllung eines Vertrages mit der betroffenen Person und f\u00fcr entsprechende vorvertragliche Massnahmen, um unsere \u00fcberwiegenden berechtigten Interessen zu wahren, weil die Bearbeitung aus den Umst\u00e4nden ersichtlich ist oder nach vorg\u00e4ngiger Information.<\/p>\n<p>In diesem Rahmen bearbeiten wir insbesondere Angaben, die eine betroffene Person bei der Kontaktaufnahme \u2013 beispielsweise per Briefpost, E-Mail, Kontaktformular, Social Media oder Telefon \u2013 oder bei der Registrierung f\u00fcr ein Nutzerkonto <em>freiwillig und selbst<\/em> an uns \u00fcbermittelt. Wir k\u00f6nnen solche Angaben beispielsweise in einem Adressbuch oder mit vergleichbaren Hilfsmitteln speichern. Sofern Sie Personendaten \u00fcber Dritte an uns \u00fcbermitteln, sind Sie verpflichtet, den Datenschutz gegen\u00fcber solchen Dritten zu gew\u00e4hrleisten sowie die Richtigkeit solcher Personendaten sicherzustellen.<\/p>\n<p>Wir bearbeiten ausserdem Personendaten, die wir von Dritten erhalten, aus \u00f6ffentlich zug\u00e4nglichen Quellen beschaffen oder bei der Bereitstellung unseres Angebotes erheben, sofern und soweit eine solche Bearbeitung aus rechtlichen Gr\u00fcnden zul\u00e4ssig ist.<\/p>\n<h3 id=\"dritte\">2.4 Bearbeitung von Personendaten durch Dritte, auch im Ausland<\/h3>\n<p>Wir k\u00f6nnen Personendaten durch beauftragte Dritte bearbeiten lassen oder gemeinsam mit Dritten sowie mit Hilfe von Dritten bearbeiten oder an Dritte \u00fcbermitteln. Bei solchen Dritten handelt es sich insbesondere um Anbieter, deren Leistungen wir in Anspruch nehmen. Wir gew\u00e4hrleisten auch bei solchen Dritten einen angemessenen Datenschutz.<\/p>\n<p>Solche Dritte befinden sich <em>grunds\u00e4tzlich<\/em> in der Schweiz sowie im Europ\u00e4ischen Wirtschaftsraum (EWR). Solche Dritte k\u00f6nnen sich aber auch in <a href=\"https:\/\/de.wikipedia.org\/wiki\/Liste_der_Staaten_der_Erde#Tabelle\" target=\"_blank\" rel=\"nofollow noopener noreferrer\">sonstigen Staaten und Territorien auf der Erde<\/a> sowie anderswo im Universum befinden, sofern deren Datenschutzrecht nach <a href=\"https:\/\/www.edoeb.admin.ch\/edoeb\/de\/home\/datenschutz\/handel-und-wirtschaft\/uebermittlung-ins-ausland.html\" target=\"_blank\" rel=\"nofollow noopener noreferrer\">Einsch\u00e4tzung des Eidgen\u00f6ssischen Datenschutz- und \u00d6ffentlichkeitsbeauftragten<\/a> (ED\u00d6B) einen angemessenen Datenschutz gew\u00e4hrleistet, oder wenn aus anderen Gr\u00fcnden, wie beispielsweise durch eine entsprechende vertragliche Vereinbarung, insbesondere auf Grundlage von Standardvertragsklauseln, oder durch eine entsprechende Zertifizierung, ein angemessener Datenschutz gew\u00e4hrleistet ist. Ausnahmsweise kann sich ein solcher Dritter in einem Land ohne angemessenen Datenschutz befinden, sofern daf\u00fcr die datenschutzrechtlichen Voraussetzungen wie beispielsweise die ausdr\u00fcckliche Einwilligung der betroffenen Person erf\u00fcllt werden.<\/p>\n<h2 id=\"rechte\">3. Rechte von betroffenen Personen<\/h2>\n<p>Betroffene Personen, deren Personendaten wir bearbeiten, verf\u00fcgen \u00fcber die Rechte gem\u00e4ss schweizerischem Datenschutzrecht. Dazu z\u00e4hlen das Recht auf Auskunft sowie das Recht auf Berichtigung, L\u00f6schung oder Sperrung der bearbeiteten Personendaten.<\/p>\n<p>Betroffene Personen, deren Personendaten wir bearbeiten, verf\u00fcgen \u00fcber ein Beschwerderecht bei einer zust\u00e4ndigen Aufsichtsbeh\u00f6rde. Aufsichtsbeh\u00f6rde f\u00fcr den Datenschutz in der Schweiz ist der <a href=\"https:\/\/www.edoeb.admin.ch\/edoeb\/de\/home\/der-edoeb\/kontakt.html\" target=\"_blank\" rel=\"nofollow noopener noreferrer\">Eidgen\u00f6ssische Datenschutz- und \u00d6ffentlichkeitsbeauftragte<\/a> (ED\u00d6B).<\/p>\n<h2 id=\"sicherheit\">4. Datensicherheit<\/h2>\n<p>Wir treffen angemessene sowie geeignete technische und organisatorische Massnahmen, um den Datenschutz und insbesondere die Datensicherheit zu gew\u00e4hrleisten. Allerdings kann die Bearbeitung von Personendaten im Internet trotz solcher Massnahmen immer Sicherheitsl\u00fccken aufweisen. Wir k\u00f6nnen deshalb keine absolute Datensicherheit gew\u00e4hrleisten.<\/p>\n<p>Der Zugriff auf unser Online-Angebot erfolgt mittels Transportverschl\u00fcsselung (SSL \/ TLS, insbesondere mit dem Hypertext Transfer Protocol Secure, abgek\u00fcrzt HTTPS). Die meisten Browser kennzeichnen Transportverschl\u00fcsselung mit einem Vorh\u00e4ngeschloss in der Adressleiste.<\/p>\n<p>Der Zugriff auf unser Online-Angebot unterliegt \u2013 wie <em>grunds\u00e4tzlich<\/em> jede Internet-Nutzung\u00a0\u2013 der anlasslosen und verdachtsunabh\u00e4ngigen Massen\u00fcberwachung sowie sonstiger \u00dcberwachung durch Sicherheitsbeh\u00f6rden in der Schweiz, in der Europ\u00e4ischen Union (EU), in den Vereinigten Staaten von Amerika (USA) und in anderen Staaten. Wir k\u00f6nnen keinen direkten Einfluss auf die entsprechende Bearbeitung von Personendaten durch Geheimdienste, Polizeistellen und andere Sicherheitsbeh\u00f6rden nehmen.<\/p>\n<h2 id=\"website\">5. Nutzung der Website<\/h2>\n<h3 id=\"cookies\">5.1 Cookies<\/h3>\n<p>Wir k\u00f6nnen Cookies f\u00fcr unsere Website verwenden. Bei Cookies \u2013 bei eigenen Cookies (First-Party-Cookies) als auch bei Cookies von Dritten, deren Dienste wir verwenden (Cookies von Dritten beziehungsweise Third-Party-Cookies) \u2013 handelt es sich um Daten, die in Ihrem Browser gespeichert werden. Solche gespeicherten Daten m\u00fcssen nicht auf traditionelle Cookies in Textform beschr\u00e4nkt sein. Cookies k\u00f6nnen keine Programme ausf\u00fchren oder Schadsoftware wie Trojaner und Viren \u00fcbertragen.<\/p>\n<p>Cookies k\u00f6nnen beim Besuch unserer Website in Ihrem Browser tempor\u00e4r als \u00abSession Cookies\u00bb oder f\u00fcr einen bestimmten Zeitraum als sogenannte permanente Cookies gespeichert werden. \u00abSession Cookies\u00bb werden automatisch gel\u00f6scht, wenn Sie Ihren Browser schliessen. Permanente Cookies haben eine bestimmte Speicherdauer. Sie erm\u00f6glichen insbesondere, Ihren Browser beim n\u00e4chsten Besuch unserer Website wiederzuerkennen und dadurch beispielsweise die Reichweite unserer Website zu messen. Permanente Cookies k\u00f6nnen aber beispielsweise auch f\u00fcr Online-Marketing verwendet werden.<\/p>\n<p>Sie k\u00f6nnen Cookies in Ihren Browser-Einstellungen jederzeit ganz oder teilweise deaktivieren sowie l\u00f6schen. Ohne Cookies steht unsere Website allenfalls nicht mehr in vollem Umfang zur Verf\u00fcgung. Wir ersuchen Sie \u2013 sofern und soweit erforderlich \u2013 aktiv um Ihre ausdr\u00fcckliche Einwilligung f\u00fcr die Verwendung von Cookies.<\/p>\n<p>Bei Cookies, die f\u00fcr die Erfolgs- und Reichweitenmessung oder f\u00fcr Werbung verwendet werden, ist f\u00fcr zahlreiche Dienste ein allgemeiner Widerspruch (\u00abOpt-out\u00bb) \u00fcber die <a href=\"https:\/\/youradchoices.ca\/\" target=\"_blank\" rel=\"noopener\">AdChoices<\/a> (Digital Advertising Alliance Of Canada), <a href=\"https:\/\/optout.networkadvertising.org\/\" target=\"_blank\" rel=\"noopener\">Network Advertising Initiative<\/a> (NAI), <a href=\"https:\/\/optout.aboutads.info\/\" target=\"_blank\" rel=\"noopener\">YourAdChoices<\/a> (Digital Advertising Alliance) oder <a href=\"https:\/\/www.youronlinechoices.com\/ch-de\/praferenzmanagement\" target=\"_blank\" rel=\"noopener\">Your Online Choices<\/a> (European Interactive Digital Advertising Alliance, EDAA) m\u00f6glich.<\/p>\n<h3 id=\"logdateien\">5.2 Server-Logdateien<\/h3>\n<p>Wir k\u00f6nnen f\u00fcr jeden Zugriff auf unsere Website nachfolgende Angaben erfassen, sofern diese von Ihrem Browser an unsere Server-Infrastruktur \u00fcbermittelt werden oder von unserem Webserver ermittelt werden k\u00f6nnen: Datum und Zeit einschliesslich Zeitzone, Internet Protocol (IP)-Adresse, Zugriffsstatus (HTTP-Statuscode), Betriebssystem einschliesslich Benutzeroberfl\u00e4che und Version, Browser einschliesslich Sprache und Version, aufgerufene einzelne Unter-Seite unserer Website einschliesslich \u00fcbertragener Datenmenge, zuletzt im gleichen Browser-Fenster aufgerufene Webseite (Referer beziehungsweise Referrer).<\/p>\n<p>Wir speichern solche Angaben, die auch Personendaten darstellen k\u00f6nnen, in Server-Logdateien. Die Angaben sind erforderlich, um unser Online-Angebot dauerhaft, nutzerfreundlich und zuverl\u00e4ssig bereitstellen sowie um die Datensicherheit und damit insbesondere den Schutz von Personendaten sicherstellen zu k\u00f6nnen \u2013 auch durch Dritte oder mit Hilfe von Dritten.<\/p>\n<h3 id=\"zaehlpixel\">5.3 Z\u00e4hlpixel<\/h3>\n<p>Wir k\u00f6nnen Z\u00e4hlpixel auf unserer Website verwenden. Z\u00e4hlpixel werden auch als Web-Beacons bezeichnet. Bei Z\u00e4hlpixeln\u00a0\u2013 auch von Dritten, deren Dienste wir verwenden\u00a0\u2013 handelt es sich um kleine, \u00fcblicherweise nicht sichtbare Bilder, die beim Besuch unserer Website automatisch abgerufen werden. Mit Z\u00e4hlpixeln k\u00f6nnen die gleichen Angaben wie in Server-Logdateien erfasst werden.<\/p>\n<h2 id=\"social-media\">6. Social Media<\/h2>\n<p>Wir sind auf Social Media-Plattformen und anderen Online-Plattformen pr\u00e4sent, um mit interessierten Personen kommunizieren und \u00fcber unser Angebot informieren zu k\u00f6nnen. Dabei k\u00f6nnen Personendaten auch ausserhalb der Schweiz und des Europ\u00e4ischen Wirtschaftsraumes (EWR) bearbeitet werden.<\/p>\n<p>Es gelten jeweils auch die Allgemeinen Gesch\u00e4ftsbedingungen (AGB) und Nutzungsbedingungen sowie Datenschutzerkl\u00e4rungen und sonstigen Bestimmungen der einzelnen Betreiber solcher Online-Plattformen. Diese Bestimmungen informieren insbesondere \u00fcber die Rechte von betroffenen Personen, wozu beispielsweise das Recht auf Auskunft z\u00e4hlt.<\/p>\n<h2 id=\"dienste\">7. Dienste von Dritten<\/h2>\n<p>Wir verwenden Dienste von Dritten, um unser Angebot dauerhaft, nutzerfreundlich, sicher und zuverl\u00e4ssig bereitstellen zu k\u00f6nnen. Solche Dienste k\u00f6nnen auch dazu dienen, Inhalte in unsere Website einbetten zu k\u00f6nnen. Solche Dienste \u2013 beispielsweise Hosting- und Speicherdienste, Video-Dienste und Zahlungsdienste \u2013 ben\u00f6tigen Ihre Internet Protocol (IP)-Adresse, da solche Dienste die entsprechenden Inhalte ansonsten nicht \u00fcbermitteln k\u00f6nnen.<\/p>\n<p>F\u00fcr ihre eigenen sicherheitsrelevanten, statistischen und technischen Zwecke k\u00f6nnen Dritte, deren Dienste wir verwenden, auch Daten im Zusammenhang mit unserem Angebot sowie aus anderen Quellen \u2013 unter anderem mit Cookies, Logdateien und Z\u00e4hlpixeln \u2013 aggregiert, anonymisiert oder pseudonymisiert bearbeiten.<\/p>\n<p>Wir verwenden insbesondere:<\/p>\n<ul>\n<li><strong><a href=\"https:\/\/about.google\/products\/\" target=\"_blank\" rel=\"nofollow noopener noreferrer\">Dienste von Google:<\/a><\/strong> Anbieterinnen: Google LLC (USA) \/ Google Ireland Limited (Irland) f\u00fcr Nutzerinnen und Nutzer im Europ\u00e4ischen Wirtschaftsraum (EWR) und in der Schweiz; Allgemeine Angaben zum Datenschutz: <a href=\"https:\/\/safety.google\/intl\/de\/principles\/\" target=\"_blank\" rel=\"nofollow noopener noreferrer\">\u00abGrunds\u00e4tze zu Datenschutz und Sicherheit\u00bb<\/a>, <a href=\"https:\/\/policies.google.com\/privacy?hl=de\" target=\"_blank\" rel=\"nofollow noopener noreferrer\">Datenschutzerkl\u00e4rung<\/a>, <a href=\"https:\/\/privacy.google.com\/intl\/de\/businesses\/compliance\/\" target=\"_blank\" rel=\"nofollow noopener noreferrer\">\u00abGoogle ist der Einhaltung der anwendbaren Datenschutzgesetze verpflichtet\u00bb<\/a>, <a href=\"https:\/\/policies.google.com\/technologies\/product-privacy?hl=de\" target=\"_blank\" rel=\"nofollow noopener noreferrer\">\u00abLeitfaden zum Datenschutz in Google-Produkten\u00bb<\/a>, <a href=\"https:\/\/policies.google.com\/technologies\/partner-sites?hl=de\" target=\"_blank\" rel=\"nofollow noopener noreferrer\">\u00abWie wir Daten von Websites oder Apps verwenden, auf beziehungsweise in denen unsere Dienste genutzt werden\u00bb (Angaben von Google)<\/a>, <a href=\"https:\/\/policies.google.com\/technologies\/cookies?hl=de\" target=\"_blank\" rel=\"nofollow noopener noreferrer\">\u00abSo verwendet Google Cookies\u00bb<\/a>, <a href=\"https:\/\/adssettings.google.com\/\" target=\"_blank\" rel=\"nofollow noopener noreferrer\">\u00abPersonalisierte Werbung\u00bb (Aktivierung \/ Deaktivierung \/ Einstellungen)<\/a>.<\/li>\n<\/ul>\n<h3 id=\"infrastruktur\">7.1 Digitale Infrastruktur<\/h3>\n<p>Wir verwenden Dienste von Dritten, um ben\u00f6tigte digitale Infrastruktur f\u00fcr unser Angebot in Anspruch nehmen zu k\u00f6nnen. Dazu z\u00e4hlen beispielsweise Hosting- und Speicherdienste von spezialisierten Anbietern.<\/p>\n<p>Wir verwenden insbesondere:<\/p>\n<ul>\n<li><strong><a href=\"https:\/\/www.cyon.ch\/\" target=\"_blank\" rel=\"nofollow noopener noreferrer\">Cyon:<\/a><\/strong> Hosting; Anbieterin: Cyon GmbH (Schweiz); Angaben zum Datenschutz: <a href=\"https:\/\/www.cyon.ch\/ueber-cyon\/datenschutz\" target=\"_blank\" rel=\"nofollow noopener noreferrer\">\u00abDatenschutz\u00bb<\/a>, <a href=\"https:\/\/www.cyon.ch\/legal\/datenschutzerklaerung\" target=\"_blank\" rel=\"nofollow noopener noreferrer\">Datenschutzerkl\u00e4rung<\/a>.<\/li>\n<\/ul>\n<h3 id=\"medien\">7.2 Audiovisuelle Medien<\/h3>\n<p>Wir verwenden Dienste von Dritten, um das direkte Abspielen von audiovisuellen Medien wie beispielsweise Musik oder Videos auf unserer Website zu erm\u00f6glichen.<\/p>\n<p>Wir verwenden insbesondere:<\/p>\n<ul>\n<li><strong><a href=\"https:\/\/www.youtube.com\/\" target=\"_blank\" rel=\"nofollow noopener noreferrer\">YouTube:<\/a><\/strong> Videos; Anbieterin: Google (unter anderem in den USA); YouTube-spezifische Angaben zum Datenschutz: <a href=\"https:\/\/support.google.com\/youtube\/topic\/2803240?hl=de\" target=\"_blank\" rel=\"nofollow noopener noreferrer\">\u00abDatenschutz- und Sicherheitscenter\u00bb<\/a>, <a href=\"https:\/\/support.google.com\/youtube\/answer\/9315727?hl=de\" target=\"_blank\" rel=\"nofollow noopener noreferrer\">\u00abMeine Daten auf YouTube\u00bb<\/a>.<\/li>\n<\/ul>\n<h3 id=\"schriftarten\">7.3 Schriftarten<\/h3>\n<p>Wir verwenden Dienste von Dritten, um ausgew\u00e4hlte Schriftarten sowie Icons, Logos und Symbole in unsere Website einbetten zu k\u00f6nnen.<\/p>\n<p>Wir verwenden insbesondere:<\/p>\n<ul>\n<li><strong><a href=\"https:\/\/fontawesome.com\/\" target=\"_blank\" rel=\"nofollow noopener noreferrer\">Font Awesome:<\/a><\/strong> Icons und Logos; Anbieterin: Fonticons Inc. (USA); Angaben zum Datenschutz: <a href=\"https:\/\/fontawesome.com\/privacy\" target=\"_blank\" rel=\"nofollow noopener noreferrer\">Datenschutzerkl\u00e4rung<\/a>.<\/li>\n<li><strong><a href=\"https:\/\/fonts.google.com\" target=\"_blank\" rel=\"nofollow noopener noreferrer\">Google Fonts:<\/a><\/strong> Schriftarten; Google Fonts-spezifische Angaben zum Datenschutz: <a href=\"https:\/\/developers.google.com\/fonts\/faq#what_does_using_the_google_fonts_api_mean_for_the_privacy_of_my_users\" target=\"_blank\" rel=\"nofollow noopener noreferrer\">\u00abWas bedeutet die Verwendung der Google Fonts-API f\u00fcr die Privatsph\u00e4re meiner Nutzerinnen und Nutzer?\u00bb (\u00abWhat does using the Google Fonts API mean for the privacy of my users?\u00bb)<\/a>.<\/li>\n<\/ul>\n<h2 id=\"erweiterungen\">8. Erweiterungen f\u00fcr die Website<\/h2>\n<p>Wir verwenden Erweiterungen f\u00fcr unsere Website, um zus\u00e4tzliche Funktionen nutzen zu k\u00f6nnen.<\/p>\n<p>Wir verwenden insbesondere:<\/p>\n<ul>\n<li><strong><a href=\"https:\/\/www.google.com\/recaptcha\/\" target=\"_blank\" rel=\"nofollow noopener noreferrer\">Google reCAPTCHA:<\/a><\/strong> Spamschutz (Unterscheidung zwischen erw\u00fcnschten Kommentaren, die von Menschen stammen, und unerw\u00fcnschten Kommentaren von Bots sowie Spam); Google reCAPTCHA-spezifische Angaben zum Datenschutz: <a href=\"https:\/\/developers.google.com\/recaptcha\/\" target=\"_blank\" rel=\"nofollow noopener noreferrer\">\u00abWas ist reCAPTCHA?\u00bb (\u00abWhat is reCAPTCHA?\u00bb)<\/a>.<\/li>\n<li><strong><a href=\"https:\/\/shortpixel.ai\/\" target=\"_blank\" rel=\"nofollow noopener noreferrer\">ShortPixel Adaptive Images:<\/a><\/strong> Hosting und Optimierung von Bildern; Anbieterin: ID SCOUT SRL (Rum\u00e4nien); Angaben zum Datenschutz: <a href=\"https:\/\/shortpixel.com\/privacy\" target=\"_blank\" rel=\"nofollow noopener noreferrer\">Datenschutzerkl\u00e4rung<\/a>, <a href=\"https:\/\/help.shortpixel.com\/category\/318-legal-privacy\" target=\"_blank\" rel=\"nofollow noopener noreferrer\">\u00abLegal &amp; Privacy\u00bb<\/a>.<\/li>\n<\/ul>\n<h2 id=\"analytics\">9. Erfolgs- und Reichweitenmessung<\/h2>\n<p>Wir verwenden Dienste und Programme, um zu ermitteln, wie unser Online-Angebot genutzt wird. In diesem Rahmen k\u00f6nnen wir zum Beispiel den Erfolg und die Reichweite unseres Online-Angebotes sowie die Wirkung von Verlinkungen Dritter auf unsere Website messen. Wir k\u00f6nnen aber beispielsweise auch ausprobieren und vergleichen, wie unterschiedliche Versionen unseres Online-Angebotes oder Teile unseres Online-Angebotes genutzt werden (\u00abA\/B-Test\u00bb-Methode). Aufgrund der Ergebnisse der Erfolgs- und Reichweitenmessung k\u00f6nnen wir insbesondere Fehler beheben, besonders gefragte Inhalte st\u00e4rken oder Verbesserungen an unserem Online-Angebot vornehmen.<\/p>\n<p>Bei der Verwendung von Diensten und Programmen f\u00fcr die Erfolgs- und Reichweitenmessung m\u00fcssen die Internet Protocol (IP)-Adressen von einzelnen Nutzerinnen und Nutzern gespeichert werden. IP-Adressen werden <em>grunds\u00e4tzlich<\/em> gek\u00fcrzt, um durch die entsprechende Pseudonymisierung dem Grundsatz der Datensparsamkeit zu folgen sowie den Datenschutz der Besucherinnen und Besucher unserer Website zu verbessern (\u00abIP-Masking\u00bb).<\/p>\n<p>Bei der Verwendung von Diensten und Programmen f\u00fcr die Erfolgs- und Reichweitenmessung k\u00f6nnen Cookies zum Einsatz kommen und Nutzerprofile erstellt werden. Nutzerprofile umfassen beispielsweise die besuchten Seiten oder betrachteten Inhalte auf unserer Website, Angaben zur Gr\u00f6sse von Bildschirm oder Browser-Fenster und den \u2013 zumindest ungef\u00e4hren \u2013 Standort. <em>Grunds\u00e4tzlich<\/em> werden Nutzerprofile ausschliesslich pseudonymisiert erstellt. Wir verwenden Nutzerprofile nicht f\u00fcr die Identifizierung einzelner Besucherinnen und Besucher unserer Website. Einzelne Dienste, bei denen Sie als Nutzerin oder Nutzer angemeldet sind, k\u00f6nnen die Nutzung unseres Online-Angebotes allenfalls Ihrem Profil beim jeweiligen Dienst zuordnen, wobei Sie daf\u00fcr \u00fcblicherweise vorg\u00e4ngig Ihre Einwilligung in diese Zuordnung erteilen mussten.<\/p>\n<p>Wir verwenden insbesondere:<\/p>\n<ul>\n<li><strong><a href=\"https:\/\/analytics.google.com\/\" target=\"_blank\" rel=\"nofollow noopener noreferrer\">Google Analytics:<\/a><\/strong> Erfolgs- und Reichweitenmessung; Google Analytics-spezifische Angaben zum Datenschutz: Messung auch \u00fcber verschiedene Browser und Ger\u00e4te hinweg <strong>(Cross-Device Tracking)<\/strong> sowie mit pseudonymisierten Internet Protocol (IP)-Adressen, die nur <em>ausnahmsweise<\/em> vollst\u00e4ndig an Google in den USA \u00fcbertragen werden, <a href=\"https:\/\/support.google.com\/analytics\/answer\/6004245?hl=de\" target=\"_blank\" rel=\"nofollow noopener noreferrer\">\u00abDatenschutz\u00bb<\/a>, <a href=\"https:\/\/tools.google.com\/dlpage\/gaoptout\" target=\"_blank\" rel=\"nofollow noopener noreferrer\">\u00abBrowser Add-on zur Deaktivierung von Google Analytics\u00bb<\/a>.<\/li>\n<\/ul>\n<h2 id=\"schlussbestimmungen\">10. Schlussbestimmungen<\/h2>\n<p>Wir haben diese Datenschutzerkl\u00e4rung mit dem <a href=\"https:\/\/www.datenschutzpartner.ch\/angebot-datenschutz-generator\/\" target=\"_blank\" rel=\"nofollow noopener noreferrer\">Datenschutz-Generator<\/a> von <a href=\"https:\/\/datenschutzpartner.ch\/\" target=\"_blank\" rel=\"nofollow noopener noreferrer\">Datenschutzpartner<\/a> erstellt.<\/p>\n<p>Wir k\u00f6nnen diese Datenschutzerkl\u00e4rung jederzeit anpassen und erg\u00e4nzen. Wir werden \u00fcber solche Anpassungen und Erg\u00e4nzungen in geeigneter Form informieren, insbesondere durch Ver\u00f6ffentlichung der jeweils aktuellen Datenschutzerkl\u00e4rung auf unserer Website.<\/p>\n","protected":false},"excerpt":{"rendered":"<p>Mit dieser Datenschutzerkl\u00e4rung informieren wir, welche Personendaten wir im Zusammenhang mit unserer https:\/\/promedics.ch\/-Website und unserem sonstigen Angebot bearbeiten. Wir informieren insbesondere, welche Personendaten wir wof\u00fcr, wie und wo bearbeiten. Wir informieren mit dieser Datenschutzerkl\u00e4rung ausserdem \u00fcber die Rechte von Personen, deren Daten wir bearbeiten. F\u00fcr einzelne oder zus\u00e4tzliche Angebote und Leistungen k\u00f6nnen weitere Datenschutzerkl\u00e4rungen sowie [&hellip;]<\/p>\n","protected":false},"author":1,"featured_media":2709,"parent":0,"menu_order":8,"comment_status":"closed","ping_status":"open","template":"","meta":{"_acf_changed":false,"footnotes":""},"seitenkategorie":[],"darstellungsoptionen":[],"class_list":["post-3229","page","type-page","status-publish","has-post-thumbnail","hentry"],"acf":[],"_links":{"self":[{"href":"https:\/\/promedics.ch\/en\/wp-json\/wp\/v2\/pages\/3229","targetHints":{"allow":["GET"]}}],"collection":[{"href":"https:\/\/promedics.ch\/en\/wp-json\/wp\/v2\/pages"}],"about":[{"href":"https:\/\/promedics.ch\/en\/wp-json\/wp\/v2\/types\/page"}],"author":[{"embeddable":true,"href":"https:\/\/promedics.ch\/en\/wp-json\/wp\/v2\/users\/1"}],"replies":[{"embeddable":true,"href":"https:\/\/promedics.ch\/en\/wp-json\/wp\/v2\/comments?post=3229"}],"version-history":[{"count":2,"href":"https:\/\/promedics.ch\/en\/wp-json\/wp\/v2\/pages\/3229\/revisions"}],"predecessor-version":[{"id":4368,"href":"https:\/\/promedics.ch\/en\/wp-json\/wp\/v2\/pages\/3229\/revisions\/4368"}],"wp:featuredmedia":[{"embeddable":true,"href":"https:\/\/promedics.ch\/en\/wp-json\/wp\/v2\/media\/2709"}],"wp:attachment":[{"href":"https:\/\/promedics.ch\/en\/wp-json\/wp\/v2\/media?parent=3229"}],"wp:term":[{"taxonomy":"seitenkategorie","embeddable":true,"href":"https:\/\/promedics.ch\/en\/wp-json\/wp\/v2\/seitenkategorie?post=3229"},{"taxonomy":"darstellungsoptionen","embeddable":true,"href":"https:\/\/promedics.ch\/en\/wp-json\/wp\/v2\/darstellungsoptionen?post=3229"}],"curies":[{"name":"wp","href":"https:\/\/api.w.org\/{rel}","templated":true}]}}